{"id":436,"date":"2017-02-01T17:33:37","date_gmt":"2017-02-01T16:33:37","guid":{"rendered":"http:\/\/www.falcosen.com\/?page_id=436"},"modified":"2017-11-17T12:10:02","modified_gmt":"2017-11-17T11:10:02","slug":"privacy","status":"publish","type":"page","link":"https:\/\/falcosen.com\/en\/privacy\/","title":{"rendered":"Privacy"},"content":{"rendered":"<blockquote class=\"otw-sc-quote\"><p>ex art. 10 legge 31 dicembre 1996 n. 675 in materia di \u201cTutela delle persone e di altri soggetti, rispetto al trattamento di dati personali\u201d<\/p><\/blockquote>\n<p>Vi informiamo, ai sensi dell\u2019art. 10 della Legge 31 Dicembre 1996 n. 675, in materia di tutela delle persone e di altri soggetti rispetto al trattamento dei dati personali che Voi fornirete, ovvero altrimenti acquisiti nell\u2019ambito della nostra attivit\u00e0, potranno formare oggetto di trattamento, nel rispetto della normativa sopra chiamata e degli obblighi di riservatezza cui \u00e8 ispirata l\u2019attivit\u00e0 della nostra societ\u00e0.<br \/>\nPer \u201ctrattamento di dati\u201d si intende la loro raccolta, registrazione, organizzazione, conservazione, elaborazione, modificazione, selezione. Estrazione, raffronto, utilizzo, interconnessione, blocco, comunicazione, diffusione, cancellazione e distruzione ovvero la combinazione di due o pi\u00f9 di tali operazioni.<br \/>\nI suddetti dati verranno trattati per finalit\u00e0 istituzionali, connessi o strumentali all\u2019attivit\u00e0 della nostra societ\u00e0:<br \/>\n&#8211; per esigenze preliminari alla stipula di un contratto da attivare su iniziativa del cliente;<br \/>\n&#8211; per dare esecuzione ad un servizio o ad una o pi\u00f9 operazioni contrattualmente convenute con il cliente;<br \/>\n&#8211; per eseguire obblighi di legge;<br \/>\n&#8211; per finalit\u00e0 operative, gestionali, statistiche, commerciali, promozionali, di tutela del credito, di cessione e cessione del credito, di prevenzione del sovrindebitamento;<br \/>\n&#8211; per esigenze di controllo dell\u2019andamento delle relazioni con la clientela e\/o rischi connessi;<br \/>\n&#8211; per finalit\u00e0 di marketing operativo strategico.<br \/>\nIl trattamento dei dati avverr\u00e0 mediante strumenti idonei a garantire la sicurezza e la riservatezza e potr\u00e0 essere effettuato anche attraverso strumenti automatizzati atti a memorizzare, gestire e trasmettere i dati stessi.<br \/>\nVi informiamo altres\u00ec che il trattamento dei dati personali da Voi forniti, o altrimenti forniti nell\u2019ambito della nostra attivit\u00e0, potr\u00e0 essere effettuato:<br \/>\n&#8211; da societ\u00e0, enti o consorzi che, per conto della nostra societ\u00e0, forniscano specifici servizi elaborativi e che svolgano attivit\u00e0 connesse, strumentali o di supporto a quella della nostra societ\u00e0, ovvero attivit\u00e0 necessarie all\u2019esecuzione delle operazioni e dei servizi da Voi richiesti o che ci richiederete in futuro;<br \/>\n&#8211; da soggetti a cui la facolt\u00e0 di accedere ai Vostri dati personali sia riconosciuta da disposizioni di legge o di normativa secondaria o comunitaria;<br \/>\n&#8211; da soggetti ai quali il trasferimento dei Vostri dati risulti necessario o sia comunque funzionale allo svolgimento dell\u2019attivit\u00e0 della nostra societ\u00e0.<br \/>\nVi informiamo altres\u00ec che in relazione ai predetti trattamenti, Voi potrete esercitare i diritti di cui all\u2019art. 13 L. 675\/96 che riproduciamo integralmente in allegato alla seguente.<\/p>\n<h4><strong>Art. 13 &#8211; Diritti dell\u2019interessato<\/strong><\/h4>\n<p>1. In relazione al trattamento di dati personali l\u2019interessato ha diritto:<br \/>\na. di conoscere, mediante accesso gratuito al registro di cui all\u2019art. 31, comma 1, lettera a), l\u2019esistenza di trattamento di dati che possono riguardarlo;<br \/>\nb. di essere informato su quanto indicato dall\u2019art. 7, comma 4 lettere a), b) e h);<br \/>\nc. di ottenere, a cura del titolare o del responsabile, senza ritardo:<br \/>\n1) la conferma dell\u2019esistenza o meno di dati personali che lo riguardano, anche se non ancora registrati, e la comunicazione in forma intelligibile dei medesimi dati della loro origine, nonch\u00e8 della logica e delle finalit\u00e0 su cui si basa il trattamento; la richiesta pu\u00f2 essere rinnovata, salva l\u2019esigenza di giustificati motivi, con intervallo non minore di novanta giorni;<br \/>\n2) la cancellazione, la trasformazione in forma anonima o il blocco dei dati trattati in violazione di legge, compresi quelli di cui non \u00e8 necessaria la conservazione in relazione agli scopi per i quali i dati sono stati raccolti o successivamente trattati;<br \/>\n3) l\u2019aggiornamento, la rettificazione ovvero, qualora vi abbia interesse, l\u2019integrazione dei dati;<br \/>\n4) l\u2019attestazione che le operazioni di cui ai numeri 2) e 3) sono state portate a conoscenza, anche per quanto riguarda il loro contenuto, di coloro ai quali i dati sono stati comunicati o diffusi, eccettuato il caso in cui tale adempimento si rilevi impossibile e comporti un impiego di mezzi manifestatamente sproporzionato al diritto tutelato;<br \/>\nd. di opporsi in tutti e in parte, per motivi legittimi, al trattamento dei dati personali che lo riguardano, allorch\u00e8 pertinenti allo scopo della raccolta;<br \/>\ne. di opporsi in tutto o in parte, al trattamento di dati personali che lo riguardano previsto a fini di informazione commerciale o di invio di materiale pubblicitario o di vendita diretta ovvero per il compimento di ricerche di mercato o di comunicazione commerciali interattive e di essere informato da titolare, non oltre il momento in cui i dati sono comunicati o diffusi, della possibilit\u00e0 di esercitare gratuitamente tale diritto.<br \/>\n1. Per ciascuna richiesta di cui al comma 1, lettera c), numero 1) pu\u00f2 essere chiesto all\u2019interessato, ove non risulti confermata l\u2019esistenza di dati che lo riguardano un contributo spese, non superiori ai costi effettivamente sopportati, secondo le modalit\u00e0 e dentro i limiti stabiliti dal regolamento di cui all\u2019art. 33, comma 3.<br \/>\n2. I diritti di cui al comma 1 riferiti ai dati personali concernenti persone decedute possono essere esercitati da chiunque vi abbia interesse.<br \/>\n3. Nell\u2019esercizio dei diritti di cui al comma 1 l\u2019interessato pu\u00f2 conferire, per iscritto, delega o procura a persone fisiche o associazioni.<br \/>\n4. Restano ferme le norme su segreto professionale degli esercenti la professione giornalista, limitatamente alla fonte della notizia.<\/p>\n<h4><strong>Consenso<\/strong><\/h4>\n<p>L\u2019accettazione delle condizioni di vendita on-line altrove esposte comprende il consenso al trattamento dei dati personali.<\/p>\n<h4><strong>Titolare del Trattamento dei Dati<\/strong><\/h4>\n<p>Falco&#8217;s Enterprise S.r.l. &#8211; Via Canalazzo, 47 &#8211; 48123 Ravenna &#8211; <a href=\"mailto:privacy@falcosen.com\">privacy@falcosen.com<\/a><\/p>\n<h4><strong>Cookie policy<\/strong><\/h4>\n<p>Questo Sito fa utilizzo di Cookie.<br \/>\nCon il presente documento, in base a quanto previsto dal Provvedimento generale del Garante privacy dell\u20198 maggio 2014, il titolare del trattamento,fornisce agli utenti del sito <a href=\"https:\/\/falcosen.com\">www.falcosen.com<\/a> alcune informazioni relative ai cookie utilizzati.<\/p>\n<h4><strong>Cosa sono i cookie<\/strong><\/h4>\n<p>Un \u201ccookie\u201d \u00e8 un piccolo file di testo creato sul computer dell\u2019utente al momento in cui questo accede ad un determinato sito, con lo scopo di immagazzinare e trasportare informazioni. I cookie sono inviati da un server web (che \u00e8 il computer sul quale \u00e8 in esecuzione il sito web visitato) al browser dell\u2019utente (Internet Explorer, Mozilla Firefox, Google Chrome, Opera, ecc.) e memorizzati sul computer di quest\u2019ultimo; vengono, quindi, re-inviati al sito web al momento delle visite successive.<br \/>\nNel corso della navigazione l\u2019utente potrebbe ricevere sul suo terminale anche cookie di siti diversi (c.d. cookies di \u201cterze parti\u201d), impostati direttamente da gestori di detti siti web e utilizzati per le finalit\u00e0 e secondo le modalit\u00e0 da questi definiti.<br \/>\nIl sito www.falcosen.com utilizza solo cookie tecnici e di terze parti assimilati a quelli tecnici, rispetto ai quali, ai sensi della disciplina vigente non \u00e8 richiesto alcun consenso da parte dell\u2019interessato. Pi\u00f9 precisamente il sito utilizza:<br \/>\nNome: <b>_ga<\/b>. Questo cookie \u00e8 usato da Google Universal Analytics e permette a Google di monitorare gli utenti unici tramite un identificativo unico generato randomicamente. Scadenza: 2 anni<br \/>\nNome: <b>_gat<\/b>. Questio cookie \u00e8 usato da Google Universal Analytics ed \u00e8 usato per monitorare la navigazione sul sito in modo anonimo. Scadenza: 1 ora<br \/>\nNome: <b>qtrans_cookie_test<\/b>. Questo cookie consente al sito di ricordare l\u2019ultima lingua selezionata per la navigazione. Scadenza: al termine della sessione.<\/p>\n<h4><strong>Disabilitazione dei cookie<\/strong><\/h4>\n<p>Utilizzando questo sito <b>acconsenti l&#8217;utilizzo di cookies<\/b> nella modalit\u00e0 sopra descritte. Se <b>non accetti le condizioni<\/b>, nella consapevolezza che tali azioni possono limitare l&#8217;esperienza di navigazione all&#8217;interno del sito, puoi:<br \/>\n&#8211; esercitare il tuo diritto sui servizi erogati dalle terze parti informandoti sulle loro privacy policy o avvalerti del servizio <a href=\"http:\/\/www.youronlinechoices.com\">www.youronlinechoices.com<\/a> con il quale \u00e8 possibile gestire il tracciamento dei principali servizi pubblicitari on-line. Cookie policy delle terze parti: <a href=\"https:\/\/support.twitter.com\/articles\/20170519-uso-dei-cookie-e-di-altre-tecnologie-simili-da-parte-di-twitter\">twitter<\/a> \/ <a href=\"http:\/\/www.google.com\/policies\/technologies\/cookies\/\">prodotti google: youtube, google+, google maps<\/a> \/ <a href=\"https:\/\/www.facebook.com\/about\/privacy\/\">facebook<\/a> \/ <a href=\"https:\/\/about.pinterest.com\/en\/privacy-policy\">pinterest<\/a> \/ <a href=\"https:\/\/support.google.com\/youtube\/answer\/2801895?hl=it\">youtube<\/a> \/ <a href=\"https:\/\/vimeo.com\/cookie_policy\">vimeo<\/a>.<br \/>\n&#8211; disattivare google analytics scaricando questo componente: <a href=\"https:\/\/tools.google.com\/dlpage\/gaoptout?hl=it\">https:\/\/tools.google.com\/dlpage\/gaoptout?hl=it<\/a><br \/>\n&#8211; disattivare i cookies terze parti o impostarne le modalit\u00e0 di utilizzo nelle preferenze del tuo browser (istruzioni nei rispettivi siti): <a href=\"https:\/\/support.mozilla.org\/it\/kb\/Attivare e disattivare i cookie\">Firefox<\/a>, <a href=\"https:\/\/support.google.com\/chrome\/answer\/95647?hl=it\">Chrome<\/a>, <a href=\"http:\/\/windows.microsoft.com\/it-it\/internet-explorer\/delete-manage-cookies#ie=ie-11\">Internet Explorer<\/a>, <a href=\"https:\/\/support.apple.com\/it-it\/HT201265\">Safari<\/a> e <a href=\"http:\/\/help.opera.com\/Mac\/12.10\/it\/cookies.html\">Opera<\/a>.<\/p>\n","protected":false},"excerpt":{"rendered":"<p>ex art. 10 legge 31 dicembre 1996 n. 675 in materia di \u201cTutela delle persone e di altri soggetti, rispetto al trattamento di dati personali\u201d Vi informiamo, ai sensi dell\u2019art. 10 della Legge 31 Dicembre 1996 n. 675, in materia<\/p>\n","protected":false},"author":1,"featured_media":0,"parent":0,"menu_order":0,"comment_status":"closed","ping_status":"closed","template":"","meta":{"footnotes":""},"class_list":["post-436","page","type-page","status-publish","hentry"],"yoast_head":"<!-- This site is optimized with the Yoast SEO plugin v27.4 - https:\/\/yoast.com\/product\/yoast-seo-wordpress\/ -->\n<title>Privacy - Falco&#039;s Enterprise S.r.l.<\/title>\n<meta name=\"robots\" content=\"index, follow, max-snippet:-1, max-image-preview:large, max-video-preview:-1\" \/>\n<link rel=\"canonical\" href=\"https:\/\/falcosen.com\/en\/privacy\/\" \/>\n<meta property=\"og:locale\" content=\"en_US\" \/>\n<meta property=\"og:type\" content=\"article\" \/>\n<meta property=\"og:title\" content=\"Privacy - Falco&#039;s Enterprise S.r.l.\" \/>\n<meta property=\"og:description\" content=\"ex art. 10 legge 31 dicembre 1996 n. 675 in materia di \u201cTutela delle persone e di altri soggetti, rispetto al trattamento di dati personali\u201d Vi informiamo, ai sensi dell\u2019art. 10 della Legge 31 Dicembre 1996 n. 675, in materia\" \/>\n<meta property=\"og:url\" content=\"https:\/\/falcosen.com\/en\/privacy\/\" \/>\n<meta property=\"og:site_name\" content=\"Falco&#039;s Enterprise S.r.l.\" \/>\n<meta property=\"article:modified_time\" content=\"2017-11-17T11:10:02+00:00\" \/>\n<meta name=\"twitter:card\" content=\"summary_large_image\" \/>\n<meta name=\"twitter:label1\" content=\"Est. reading time\" \/>\n\t<meta name=\"twitter:data1\" content=\"6 minutes\" \/>\n<script type=\"application\/ld+json\" class=\"yoast-schema-graph\">{\"@context\":\"https:\\\/\\\/schema.org\",\"@graph\":[{\"@type\":\"WebPage\",\"@id\":\"https:\\\/\\\/falcosen.com\\\/en\\\/privacy\\\/\",\"url\":\"https:\\\/\\\/falcosen.com\\\/en\\\/privacy\\\/\",\"name\":\"Privacy - Falco&#039;s Enterprise S.r.l.\",\"isPartOf\":{\"@id\":\"https:\\\/\\\/falcosen.com\\\/en\\\/#website\"},\"datePublished\":\"2017-02-01T16:33:37+00:00\",\"dateModified\":\"2017-11-17T11:10:02+00:00\",\"breadcrumb\":{\"@id\":\"https:\\\/\\\/falcosen.com\\\/en\\\/privacy\\\/#breadcrumb\"},\"inLanguage\":\"en-US\",\"potentialAction\":[{\"@type\":\"ReadAction\",\"target\":[\"https:\\\/\\\/falcosen.com\\\/en\\\/privacy\\\/\"]}]},{\"@type\":\"BreadcrumbList\",\"@id\":\"https:\\\/\\\/falcosen.com\\\/en\\\/privacy\\\/#breadcrumb\",\"itemListElement\":[{\"@type\":\"ListItem\",\"position\":1,\"name\":\"Home\",\"item\":\"https:\\\/\\\/falcosen.com\\\/en\\\/\"},{\"@type\":\"ListItem\",\"position\":2,\"name\":\"Privacy\"}]},{\"@type\":\"WebSite\",\"@id\":\"https:\\\/\\\/falcosen.com\\\/en\\\/#website\",\"url\":\"https:\\\/\\\/falcosen.com\\\/en\\\/\",\"name\":\"Falco&#039;s Enterprise S.r.l.\",\"description\":\"Oil-field &amp; Filtration \u2013 Separation Technology, Cradles for packaging, trasportation and storage of tubular materials\",\"publisher\":{\"@id\":\"https:\\\/\\\/falcosen.com\\\/en\\\/#organization\"},\"potentialAction\":[{\"@type\":\"SearchAction\",\"target\":{\"@type\":\"EntryPoint\",\"urlTemplate\":\"https:\\\/\\\/falcosen.com\\\/en\\\/?s={search_term_string}\"},\"query-input\":{\"@type\":\"PropertyValueSpecification\",\"valueRequired\":true,\"valueName\":\"search_term_string\"}}],\"inLanguage\":\"en-US\"},{\"@type\":\"Organization\",\"@id\":\"https:\\\/\\\/falcosen.com\\\/en\\\/#organization\",\"name\":\"Falco&#039;s Enterprise S.r.l.\",\"url\":\"https:\\\/\\\/falcosen.com\\\/en\\\/\",\"logo\":{\"@type\":\"ImageObject\",\"inLanguage\":\"en-US\",\"@id\":\"https:\\\/\\\/falcosen.com\\\/en\\\/#\\\/schema\\\/logo\\\/image\\\/\",\"url\":\"https:\\\/\\\/falcosen.com\\\/wp-content\\\/uploads\\\/cropped-Logo-Falcosen.png\",\"contentUrl\":\"https:\\\/\\\/falcosen.com\\\/wp-content\\\/uploads\\\/cropped-Logo-Falcosen.png\",\"width\":252,\"height\":110,\"caption\":\"Falco&#039;s Enterprise S.r.l.\"},\"image\":{\"@id\":\"https:\\\/\\\/falcosen.com\\\/en\\\/#\\\/schema\\\/logo\\\/image\\\/\"}}]}<\/script>\n<!-- \/ Yoast SEO plugin. -->","yoast_head_json":{"title":"Privacy - Falco&#039;s Enterprise S.r.l.","robots":{"index":"index","follow":"follow","max-snippet":"max-snippet:-1","max-image-preview":"max-image-preview:large","max-video-preview":"max-video-preview:-1"},"canonical":"https:\/\/falcosen.com\/en\/privacy\/","og_locale":"en_US","og_type":"article","og_title":"Privacy - Falco&#039;s Enterprise S.r.l.","og_description":"ex art. 10 legge 31 dicembre 1996 n. 675 in materia di \u201cTutela delle persone e di altri soggetti, rispetto al trattamento di dati personali\u201d Vi informiamo, ai sensi dell\u2019art. 10 della Legge 31 Dicembre 1996 n. 675, in materia","og_url":"https:\/\/falcosen.com\/en\/privacy\/","og_site_name":"Falco&#039;s Enterprise S.r.l.","article_modified_time":"2017-11-17T11:10:02+00:00","twitter_card":"summary_large_image","twitter_misc":{"Est. reading time":"6 minutes"},"schema":{"@context":"https:\/\/schema.org","@graph":[{"@type":"WebPage","@id":"https:\/\/falcosen.com\/en\/privacy\/","url":"https:\/\/falcosen.com\/en\/privacy\/","name":"Privacy - Falco&#039;s Enterprise S.r.l.","isPartOf":{"@id":"https:\/\/falcosen.com\/en\/#website"},"datePublished":"2017-02-01T16:33:37+00:00","dateModified":"2017-11-17T11:10:02+00:00","breadcrumb":{"@id":"https:\/\/falcosen.com\/en\/privacy\/#breadcrumb"},"inLanguage":"en-US","potentialAction":[{"@type":"ReadAction","target":["https:\/\/falcosen.com\/en\/privacy\/"]}]},{"@type":"BreadcrumbList","@id":"https:\/\/falcosen.com\/en\/privacy\/#breadcrumb","itemListElement":[{"@type":"ListItem","position":1,"name":"Home","item":"https:\/\/falcosen.com\/en\/"},{"@type":"ListItem","position":2,"name":"Privacy"}]},{"@type":"WebSite","@id":"https:\/\/falcosen.com\/en\/#website","url":"https:\/\/falcosen.com\/en\/","name":"Falco&#039;s Enterprise S.r.l.","description":"Oil-field &amp; Filtration \u2013 Separation Technology, Cradles for packaging, trasportation and storage of tubular materials","publisher":{"@id":"https:\/\/falcosen.com\/en\/#organization"},"potentialAction":[{"@type":"SearchAction","target":{"@type":"EntryPoint","urlTemplate":"https:\/\/falcosen.com\/en\/?s={search_term_string}"},"query-input":{"@type":"PropertyValueSpecification","valueRequired":true,"valueName":"search_term_string"}}],"inLanguage":"en-US"},{"@type":"Organization","@id":"https:\/\/falcosen.com\/en\/#organization","name":"Falco&#039;s Enterprise S.r.l.","url":"https:\/\/falcosen.com\/en\/","logo":{"@type":"ImageObject","inLanguage":"en-US","@id":"https:\/\/falcosen.com\/en\/#\/schema\/logo\/image\/","url":"https:\/\/falcosen.com\/wp-content\/uploads\/cropped-Logo-Falcosen.png","contentUrl":"https:\/\/falcosen.com\/wp-content\/uploads\/cropped-Logo-Falcosen.png","width":252,"height":110,"caption":"Falco&#039;s Enterprise S.r.l."},"image":{"@id":"https:\/\/falcosen.com\/en\/#\/schema\/logo\/image\/"}}]}},"_links":{"self":[{"href":"https:\/\/falcosen.com\/en\/wp-json\/wp\/v2\/pages\/436","targetHints":{"allow":["GET"]}}],"collection":[{"href":"https:\/\/falcosen.com\/en\/wp-json\/wp\/v2\/pages"}],"about":[{"href":"https:\/\/falcosen.com\/en\/wp-json\/wp\/v2\/types\/page"}],"author":[{"embeddable":true,"href":"https:\/\/falcosen.com\/en\/wp-json\/wp\/v2\/users\/1"}],"replies":[{"embeddable":true,"href":"https:\/\/falcosen.com\/en\/wp-json\/wp\/v2\/comments?post=436"}],"version-history":[{"count":4,"href":"https:\/\/falcosen.com\/en\/wp-json\/wp\/v2\/pages\/436\/revisions"}],"predecessor-version":[{"id":441,"href":"https:\/\/falcosen.com\/en\/wp-json\/wp\/v2\/pages\/436\/revisions\/441"}],"wp:attachment":[{"href":"https:\/\/falcosen.com\/en\/wp-json\/wp\/v2\/media?parent=436"}],"curies":[{"name":"wp","href":"https:\/\/api.w.org\/{rel}","templated":true}]}}